{"id":1152,"date":"2025-05-06T16:41:42","date_gmt":"2025-05-06T14:41:42","guid":{"rendered":"https:\/\/wondervisualsnetwork.com\/hello-charon\/"},"modified":"2025-06-10T21:31:39","modified_gmt":"2025-06-10T19:31:39","slug":"hello-charon","status":"publish","type":"page","link":"https:\/\/wondervisualsnetwork.com\/de\/hello-charon\/","title":{"rendered":"Hello Charon!"},"content":{"rendered":"<div class=\"fusion-fullwidth fullwidth-box fusion-builder-row-1 fusion-flex-container fusion-parallax-fixed hundred-percent-fullwidth non-hundred-percent-height-scrolling\" style=\"background-color: rgba(255,255,255,0);background-image: url(&quot;https:\/\/wondervisualsnetwork.com\/wp-content\/uploads\/2025\/05\/hch_bg.jpg&quot;);background-position: center center;background-repeat: no-repeat;border-width: 0px 0px 0px 0px;border-color:#e2e2e2;border-style:solid;-webkit-background-size:cover;-moz-background-size:cover;-o-background-size:cover;background-size:cover;background-attachment:fixed;\" ><div class=\"fusion-builder-row fusion-row fusion-flex-align-items-flex-start\" style=\"width:104% !important;max-width:104% !important;margin-left: calc(-4% \/ 2 );margin-right: calc(-4% \/ 2 );\"><div class=\"fusion-layout-column fusion_builder_column fusion-builder-column-0 fusion_builder_column_1_1 1_1 fusion-flex-column\"><div class=\"fusion-column-wrapper fusion-flex-justify-content-flex-start fusion-content-layout-column\" style=\"background-position:left top;background-repeat:no-repeat;-webkit-background-size:cover;-moz-background-size:cover;-o-background-size:cover;background-size:cover;padding: 0px 0px 0px 0px;\"><div class=\"fusion-text fusion-text-1\" style=\"transform:translate3d(0,0,0);\"><div class=\"fusion-title title fusion-title-3 fusion-sep-none fusion-title-center fusion-title-text fusion-title-size-three fusion-border-below-title\">\n<h3 class=\"title-heading-center\" style=\"text-align: center;\"><span style=\"color: #ffffff;\">Der Tod war nicht das Ende. Er war lediglich der Beginn einer unerwarteten Freundschaft.<\/span><\/h3>\n<\/div>\n<div class=\"fusion-text fusion-text-2\">\n<p style=\"text-align: center;\"><span style=\"color: #999999;\">Eine junge Arch\u00e4ologin entdeckt w\u00e4hrend einer Ausgrabung ein mysteri\u00f6ses Amulett, welches ihr den Zugang zum Jenseits gew\u00e4hrt. <\/span><br \/>\n<span style=\"color: #999999;\">Zu ihrer \u00dcberraschung begegnet sie auf der anderen Seite Gestalten aus der griechischen Mythologie. <\/span><br \/>\n<span style=\"color: #999999;\">Nach ihrer R\u00fcckkehr beschlie\u00dft sie, dem F\u00e4hrmann der Unterwelt zu helfen, sofern es in ihrer Macht steht.<\/span><\/p>\n<p style=\"text-align: center;\"><span style=\"color: #999999;\"><strong>Hello Charon!<\/strong> ist eine Kurzfilm-Schwarzkom\u00f6die \u00fcber ein leidenschaftliches M\u00e4dchen, Charon den F\u00e4hrmann und einige D\u00e4monen.<\/span><\/p>\n<p style=\"text-align: center;\">\n<\/div>\n<\/div><div class=\"fusion-video fusion-youtube\" style=\"max-width:800px;max-height:450px;align-self:center; width:100%\"><div class=\"video-shortcode\"><iframe title=\"YouTube video player\" src=\"https:\/\/www.youtube.com\/embed\/k3QJ7Wtg5rQ?wmode=transparent&autoplay=0\" width=\"800\" height=\"450\" allowfullscreen allow=\"autoplay; fullscreen\"><\/iframe><\/div><\/div><div class=\"fusion-separator fusion-full-width-sep\" style=\"align-self: center;margin-left: auto;margin-right: auto;margin-top:50px;width:100%;\"><\/div><div class=\"fusion-video fusion-selfhosted-video non-apple-device\" style=\"align-self:center;max-width:100%;\"><div class=\"video-wrapper\"><video playsinline=\"true\" width=\"100%\" style=\"object-fit: cover;\" autoplay=\"true\" muted=\"true\" loop=\"true\" preload=\"auto\"><source src=\"https:\/\/wondervisualsnetwork.com\/wp-content\/uploads\/2025\/06\/viz-hatter-loop_bg_charon_1.webm\" type=\"video\/webm\">Sorry, your browser doesn&#039;t support embedded videos.<\/video><\/div><\/div><div class=\"fusion-video fusion-selfhosted-video apple-device\" style=\"align-self:center;max-width:100%;\"><div class=\"video-wrapper\"><video playsinline=\"true\" width=\"100%\" style=\"object-fit: cover;\" autoplay=\"true\" muted=\"true\" loop=\"true\" preload=\"auto\"><source src=\"https:\/\/wondervisualsnetwork.com\/wp-content\/uploads\/2025\/06\/viz-hatter-loop_bg_charon-hevc.mp4\" type=\"video\/mp4\">Sorry, your browser doesn&#039;t support embedded videos.<\/video><\/div><\/div><\/div><\/div><style type=\"text\/css\">.fusion-body .fusion-builder-column-0{width:100% !important;margin-top : 0px;margin-bottom : 20px;}.fusion-builder-column-0 > .fusion-column-wrapper {padding-top : 0px !important;padding-right : 0px !important;margin-right : 1.92%;padding-bottom : 0px !important;padding-left : 0px !important;margin-left : 1.92%;}@media only screen and (max-width:1024px) {.fusion-body .fusion-builder-column-0{width:100% !important;order : 0;}.fusion-builder-column-0 > .fusion-column-wrapper {margin-right : 1.92%;margin-left : 1.92%;}}@media only screen and (max-width:640px) {.fusion-body .fusion-builder-column-0{width:100% !important;order : 0;}.fusion-builder-column-0 > .fusion-column-wrapper {margin-right : 1.92%;margin-left : 1.92%;}}<\/style><\/div><style type=\"text\/css\">.fusion-body .fusion-flex-container.fusion-builder-row-1{ padding-top : 0px;margin-top : 0;padding-right : 0px;padding-bottom : 0px;margin-bottom : 0;padding-left : 0px;}<\/style><\/div>\n","protected":false},"excerpt":{"rendered":"","protected":false},"author":1,"featured_media":0,"parent":0,"menu_order":0,"comment_status":"closed","ping_status":"closed","template":"100-width.php","meta":{"footnotes":""},"class_list":["post-1152","page","type-page","status-publish","hentry"],"_links":{"self":[{"href":"https:\/\/wondervisualsnetwork.com\/de\/wp-json\/wp\/v2\/pages\/1152","targetHints":{"allow":["GET"]}}],"collection":[{"href":"https:\/\/wondervisualsnetwork.com\/de\/wp-json\/wp\/v2\/pages"}],"about":[{"href":"https:\/\/wondervisualsnetwork.com\/de\/wp-json\/wp\/v2\/types\/page"}],"author":[{"embeddable":true,"href":"https:\/\/wondervisualsnetwork.com\/de\/wp-json\/wp\/v2\/users\/1"}],"replies":[{"embeddable":true,"href":"https:\/\/wondervisualsnetwork.com\/de\/wp-json\/wp\/v2\/comments?post=1152"}],"version-history":[{"count":6,"href":"https:\/\/wondervisualsnetwork.com\/de\/wp-json\/wp\/v2\/pages\/1152\/revisions"}],"predecessor-version":[{"id":1275,"href":"https:\/\/wondervisualsnetwork.com\/de\/wp-json\/wp\/v2\/pages\/1152\/revisions\/1275"}],"wp:attachment":[{"href":"https:\/\/wondervisualsnetwork.com\/de\/wp-json\/wp\/v2\/media?parent=1152"}],"curies":[{"name":"wp","href":"https:\/\/api.w.org\/{rel}","templated":true}]}}