{"id":1209,"date":"2025-05-27T16:23:37","date_gmt":"2025-05-27T14:23:37","guid":{"rendered":"https:\/\/wondervisualsnetwork.com\/wonder-visuals-network-teaser\/"},"modified":"2025-06-08T22:37:04","modified_gmt":"2025-06-08T20:37:04","slug":"wonder-visuals-network-teaser","status":"publish","type":"page","link":"https:\/\/wondervisualsnetwork.com\/de\/wonder-visuals-network-teaser\/","title":{"rendered":"Wonder Visuals Network &#8211; Teaser"},"content":{"rendered":"<div class=\"fusion-fullwidth fullwidth-box fusion-builder-row-1 fusion-flex-container nonhundred-percent-fullwidth non-hundred-percent-height-scrolling\" style=\"background-color: #692e70;background-position: center center;background-repeat: no-repeat;border-width: 0px 0px 0px 0px;border-color:#e2e2e2;border-style:solid;\" ><div class=\"fusion-builder-row fusion-row fusion-flex-align-items-flex-start\" style=\"max-width:1248px;margin-left: calc(-4% \/ 2 );margin-right: calc(-4% \/ 2 );\"><div class=\"fusion-layout-column fusion_builder_column fusion-builder-column-0 fusion_builder_column_1_1 1_1 fusion-flex-column\"><div class=\"fusion-column-wrapper fusion-flex-justify-content-flex-start fusion-content-layout-column\" style=\"background-position:left top;background-repeat:no-repeat;-webkit-background-size:cover;-moz-background-size:cover;-o-background-size:cover;background-size:cover;padding: 0px 0px 0px 0px;\"><style type=\"text\/css\">@media only screen and (max-width:1024px) {.fusion-title.fusion-title-1{margin-top:10px!important;margin-bottom:15px!important;}}@media only screen and (max-width:640px) {.fusion-title.fusion-title-1{margin-top:10px!important;margin-bottom:10px!important;}}<\/style><div class=\"fusion-title title fusion-title-1 fusion-sep-none fusion-title-text fusion-title-size-three\" style=\"margin-top:10px;margin-bottom:15px;\"><h3 class=\"title-heading-left\" style=\"margin:0;\"><p style=\"text-align: center\"><span style=\"color: #ffffff\">Wonder Visuals Network<\/span><br \/>\n<span style=\"color: #ffffff\">Teaser &#8211; 2025<\/span><\/p><\/h3><\/div><div class=\"fusion-video fusion-youtube\" style=\"max-width:1920px;max-height:1080px;align-self:center; width:100%\"><div class=\"video-shortcode\"><iframe title=\"YouTube video player\" src=\"https:\/\/www.youtube.com\/embed\/rghPk0HSJiA?wmode=transparent&autoplay=0&amp;rel=0\" width=\"1920\" height=\"1080\" allowfullscreen allow=\"autoplay; fullscreen\"><\/iframe><\/div><\/div><div class=\"fusion-separator fusion-full-width-sep\" style=\"align-self: center;margin-left: auto;margin-right: auto;margin-top:50px;width:100%;\"><\/div><div class=\"fusion-text fusion-text-1\" style=\"transform:translate3d(0,0,0);\"><p style=\"text-align: center\"><span style=\"color: #ffffff\">Wir sind offen f\u00fcr Auftr\u00e4ge f\u00fcr Kurzfilme, Werbespots oder sogar vollst\u00e4ndige Animationsserien in einer Vielzahl von Stilrichtungen.<\/span><br \/>\n<span style=\"color: #ffffff\">Wir arbeiten schnell, effizient und kreativ und bearbeiten Projekte bei Bedarf von der Konzeption bis zur Fertigstellung.<\/span><\/p>\n<p style=\"text-align: center\"><span style=\"color: #ffffff\">Kontaktieren Sie uns!<\/span><br \/>\n<span style=\"color: #ffffff\"><a style=\"color: #ffffff\" href=\"mailto:hello@wondervisualsnetwork.com\">hello@wondervisualsnetwork.com<\/a><\/span><\/p>\n<p style=\"text-align: center\"><span style=\"color: #ffffff\">Unsere Videos auf YouTube:<\/span><br \/>\n<span style=\"color: #ffffff\"><a style=\"color: #ffffff\" href=\"https:\/\/www.youtube.com\/@WonderVisualsNetwork\">https:\/\/www.youtube.com\/@WonderVisualsNetwork<\/a><\/span><\/p>\n<\/div><div class=\"fusion-separator fusion-full-width-sep\" style=\"align-self: center;margin-left: auto;margin-right: auto;margin-top:50px;width:100%;\"><\/div><div class=\"fusion-video fusion-selfhosted-video non-apple-device\" style=\"align-self:center;max-width:250px;\"><div class=\"video-wrapper\"><video playsinline=\"true\" width=\"100%\" style=\"object-fit: cover;\" autoplay=\"true\" muted=\"true\" loop=\"true\" preload=\"auto\"><source src=\"https:\/\/wondervisualsnetwork.com\/wp-content\/uploads\/2025\/06\/magus-02-15mp.webm\" type=\"video\/webm\">Sorry, your browser doesn&#039;t support embedded videos.<\/video><\/div><\/div><div class=\"fusion-video fusion-selfhosted-video apple-device\" style=\"align-self:center;max-width:250px;\"><div class=\"video-wrapper\"><video playsinline=\"true\" width=\"100%\" style=\"object-fit: cover;\" autoplay=\"true\" muted=\"true\" loop=\"true\" preload=\"auto\"><source src=\"https:\/\/wondervisualsnetwork.com\/wp-content\/uploads\/2025\/06\/magus-02-15mp-hevc-1.mp4\" type=\"video\/mp4\">Sorry, your browser doesn&#039;t support embedded videos.<\/video><\/div><\/div><\/div><\/div><style type=\"text\/css\">.fusion-body .fusion-builder-column-0{width:100% !important;margin-top : 0px;margin-bottom : 20px;}.fusion-builder-column-0 > .fusion-column-wrapper {padding-top : 0px !important;padding-right : 0px !important;margin-right : 1.92%;padding-bottom : 0px !important;padding-left : 0px !important;margin-left : 1.92%;}@media only screen and (max-width:1024px) {.fusion-body .fusion-builder-column-0{width:100% !important;order : 0;}.fusion-builder-column-0 > .fusion-column-wrapper {margin-right : 1.92%;margin-left : 1.92%;}}@media only screen and (max-width:640px) {.fusion-body .fusion-builder-column-0{width:100% !important;order : 0;}.fusion-builder-column-0 > .fusion-column-wrapper {margin-right : 1.92%;margin-left : 1.92%;}}<\/style><\/div><style type=\"text\/css\">.fusion-body .fusion-flex-container.fusion-builder-row-1{ padding-top : 0px;margin-top : 0px;padding-right : 0px;padding-bottom : 0px;margin-bottom : 0px;padding-left : 0px;}<\/style><\/div>\n","protected":false},"excerpt":{"rendered":"","protected":false},"author":1,"featured_media":0,"parent":0,"menu_order":0,"comment_status":"closed","ping_status":"closed","template":"100-width.php","meta":{"footnotes":""},"class_list":["post-1209","page","type-page","status-publish","hentry"],"_links":{"self":[{"href":"https:\/\/wondervisualsnetwork.com\/de\/wp-json\/wp\/v2\/pages\/1209","targetHints":{"allow":["GET"]}}],"collection":[{"href":"https:\/\/wondervisualsnetwork.com\/de\/wp-json\/wp\/v2\/pages"}],"about":[{"href":"https:\/\/wondervisualsnetwork.com\/de\/wp-json\/wp\/v2\/types\/page"}],"author":[{"embeddable":true,"href":"https:\/\/wondervisualsnetwork.com\/de\/wp-json\/wp\/v2\/users\/1"}],"replies":[{"embeddable":true,"href":"https:\/\/wondervisualsnetwork.com\/de\/wp-json\/wp\/v2\/comments?post=1209"}],"version-history":[{"count":4,"href":"https:\/\/wondervisualsnetwork.com\/de\/wp-json\/wp\/v2\/pages\/1209\/revisions"}],"predecessor-version":[{"id":1213,"href":"https:\/\/wondervisualsnetwork.com\/de\/wp-json\/wp\/v2\/pages\/1209\/revisions\/1213"}],"wp:attachment":[{"href":"https:\/\/wondervisualsnetwork.com\/de\/wp-json\/wp\/v2\/media?parent=1209"}],"curies":[{"name":"wp","href":"https:\/\/api.w.org\/{rel}","templated":true}]}}