{"id":1136,"date":"2025-05-06T16:41:28","date_gmt":"2025-05-06T14:41:28","guid":{"rendered":"https:\/\/wondervisualsnetwork.com\/hello-humans\/"},"modified":"2025-06-08T22:15:02","modified_gmt":"2025-06-08T20:15:02","slug":"hello-humans","status":"publish","type":"page","link":"https:\/\/wondervisualsnetwork.com\/es\/hello-humans\/","title":{"rendered":"Hello Humans!"},"content":{"rendered":"<div class=\"fusion-fullwidth fullwidth-box fusion-builder-row-1 fusion-flex-container fusion-parallax-fixed hundred-percent-fullwidth non-hundred-percent-height-scrolling\" style=\"background-color: rgba(255,255,255,0);background-image: url(&quot;https:\/\/wondervisualsnetwork.com\/wp-content\/uploads\/2025\/05\/hh_bg2.jpg&quot;);background-position: center center;background-repeat: no-repeat;border-width: 0px 0px 0px 0px;border-color:#e2e2e2;border-style:solid;-webkit-background-size:cover;-moz-background-size:cover;-o-background-size:cover;background-size:cover;background-attachment:fixed;\" ><div class=\"fusion-builder-row fusion-row fusion-flex-align-items-flex-start\" style=\"width:104% !important;max-width:104% !important;margin-left: calc(-4% \/ 2 );margin-right: calc(-4% \/ 2 );\"><div class=\"fusion-layout-column fusion_builder_column fusion-builder-column-0 fusion_builder_column_1_1 1_1 fusion-flex-column\"><div class=\"fusion-column-wrapper fusion-flex-justify-content-flex-start fusion-content-layout-column\" style=\"background-position:left top;background-repeat:no-repeat;-webkit-background-size:cover;-moz-background-size:cover;-o-background-size:cover;background-size:cover;padding: 0px 0px 0px 0px;\"><div class=\"fusion-separator fusion-full-width-sep\" style=\"align-self: center;margin-left: auto;margin-right: auto;margin-top:50px;width:100%;\"><\/div><div class=\"fusion-text fusion-text-1\" style=\"transform:translate3d(0,0,0);\"><h2 style=\"text-align: center;\"><span style=\"color: #ffff00;\">Estaban buscando vida inteligente.<\/span><br data-start=\"114\" data-end=\"117\"><span style=\"color: #ffff00;\">Nos encontraron&#8230; a nosotros.<\/span><\/h2>\n<\/div><div class=\"fusion-text fusion-text-2\" style=\"transform:translate3d(0,0,0);\"><p style=\"text-align: center;\"><span style=\"color: #ffffff;\">Un grupo de investigadores extraterrestres viaja a trav\u00e9s del espacio en busca de otras formas de vida inteligente.<br \/>\n\u00bfSu misi\u00f3n? Establecer nuevas conexiones y compartir conocimientos y experiencias.<br \/>\nEn un rinc\u00f3n distante del cosmos, descubren con entusiasmo un planeta colorido y prometedor llamado Tierra.<br \/>\nSin embargo, entablar contacto con los humanos resulta ser mucho m\u00e1s complicado de lo que inicialmente pensaban&#8230;<\/span><\/p>\n<\/div><div class=\"fusion-video fusion-selfhosted-video non-apple-device\" style=\"align-self:center;max-width:300px;\"><div class=\"video-wrapper\"><video playsinline=\"true\" width=\"100%\" style=\"object-fit: cover;\" autoplay=\"true\" muted=\"true\" loop=\"true\" preload=\"auto\"><source src=\"https:\/\/wondervisualsnetwork.com\/wp-content\/uploads\/2025\/06\/mozgo-spaceship_VP9.webm\" type=\"video\/webm\">Sorry, your browser doesn&#039;t support embedded videos.<\/video><\/div><\/div><div class=\"fusion-video fusion-selfhosted-video apple-device\" style=\"align-self:center;max-width:300px;\"><div class=\"video-wrapper\"><video playsinline=\"true\" width=\"100%\" style=\"object-fit: cover;\" autoplay=\"true\" muted=\"true\" loop=\"true\" preload=\"auto\"><source src=\"https:\/\/wondervisualsnetwork.com\/wp-content\/uploads\/2025\/06\/mozgo-spaceship-hevc.mp4\" type=\"video\/mp4\">Sorry, your browser doesn&#039;t support embedded videos.<\/video><\/div><\/div><div class=\"fusion-text fusion-text-3\" style=\"transform:translate3d(0,0,0);\"><p style=\"text-align: center;\"><span style=\"color: #ffffff;\">\u00bfC\u00f3mo perciben estos curiosos visitantes extraterrestres a nuestra especie?<br \/>\n\u00bfLograr\u00e1n establecer una conexi\u00f3n con nosotros?<\/span><\/p>\n<p style=\"text-align: center;\"><span style=\"color: #ffffff;\">Acomp\u00e1\u00f1enos en Hello Humans!, una serie de comedia animada de ciencia ficci\u00f3n emocionante, estimulante<br \/>\ny de acceso gratuito, que combina el entretenimiento con el rigor cient\u00edfico,<br \/>\ny siga las aventuras terrestres de estos seres alien\u00edgenas \u00fanicos.<\/span><\/p>\n<p style=\"text-align: center;\"><span style=\"color: #ffffff;\">La serie explora el comportamiento humano de una manera singular, cient\u00edfica, aunque l\u00fadica y entretenida.<\/span><\/p>\n<\/div><div class=\"fusion-separator fusion-full-width-sep\" style=\"align-self: center;margin-left: auto;margin-right: auto;margin-top:20px;width:100%;\"><\/div><div class=\"fusion-text fusion-text-4\" style=\"transform:translate3d(0,0,0);\"><h4 style=\"text-align: center;\"><span style=\"color: #ffff00;\">Episodios disponibles<\/span><\/h4>\n<\/div><div class=\"fusion-separator fusion-full-width-sep\" style=\"align-self: center;margin-left: auto;margin-right: auto;margin-top:20px;width:100%;\"><\/div>\n<div class=\"fusion-slider-revolution rev_slider_wrapper\">\t\t\t<!-- START HH_carousel REVOLUTION SLIDER 6.3.9 --><p class=\"rs-p-wp-fix\"><\/p>\n\t\t\t<rs-module-wrap id=\"rev_slider_9_1_wrapper\" data-source=\"gallery\" style=\"background:transparent;padding:0;margin:0px auto;margin-top:0;margin-bottom:0;\">\n\t\t\t\t<rs-module id=\"rev_slider_9_1\" style=\"\" data-version=\"6.3.9\">\n\t\t\t\t\t<rs-slides>\n\t\t\t\t\t\t<rs-slide data-key=\"rs-15\" data-title=\"Hello Humans! - 01\" data-anim=\"ei:d;eo:d;s:1000;r:0;t:fade;sl:0;\">\n\t\t\t\t\t\t\t<img decoding=\"async\" src=\"\/\/wondervisualsnetwork.com\/wp-content\/plugins\/revslider_6\/public\/assets\/assets\/transparent.png\" alt=\"Hello Humans! - 01\" title=\"Hello Humans!\" class=\"rev-slidebg\" data-no-retina>\n<!--\n\t\t\t\t\t\t\t--><rs-layer\n\t\t\t\t\t\t\t\tid=\"slider-9-slide-15-layer-0\" \n\t\t\t\t\t\t\t\tclass=\"rs-layer-video intrinsic-ignore\"\n\t\t\t\t\t\t\t\tdata-type=\"video\"\n\t\t\t\t\t\t\t\tdata-rsp_ch=\"on\"\n\t\t\t\t\t\t\t\tdata-xy=\"yo:25px,25px,25px,14px;\"\n\t\t\t\t\t\t\t\tdata-text=\"w:normal;s:20,20,20,11;l:0,0,0,14;\"\n\t\t\t\t\t\t\t\tdata-dim=\"w:810px,810px,810px,480px;h:456px,456px,456px,269px;\"\n\t\t\t\t\t\t\t\tdata-video=\"ap:false;v:100;vd:100;rwd:f;l:false;ptimer:false;sav:f;vc:t;\"\n\t\t\t\t\t\t\t\tdata-poster=\"\/\/img.youtube.com\/vi\/NSfBvnEO90o\/maxresdefault.jpg\"\n\t\t\t\t\t\t\t\tdata-ytid=\"NSfBvnEO90o\"\n\t\t\t\t\t\t\t\tdata-vatr=\"version=3&amp;enablejsapi=1&amp;html5=1&amp;volume=100&amp;hd=1&amp;wmode=opaque&amp;showinfo=0&amp;rel=0&amp;origin=https:\/\/wondervisualsnetwork.com;\"\n\t\t\t\t\t\t\t\tdata-frame_999=\"o:0;st:w;\"\n\t\t\t\t\t\t\t\tstyle=\"z-index:5;\"\n\t\t\t\t\t\t\t>\n\t\t\t\t\t\t\t<\/rs-layer><!--\n-->\t\t\t\t\t\t<\/rs-slide>\n\t\t\t\t\t\t<rs-slide data-key=\"rs-16\" data-title=\"Hello Humans! - 02\" data-anim=\"ei:d;eo:d;s:1000;r:0;t:fade;sl:0;\">\n\t\t\t\t\t\t\t<img decoding=\"async\" src=\"\/\/wondervisualsnetwork.com\/wp-content\/plugins\/revslider_6\/public\/assets\/assets\/transparent.png\" alt=\"Hello Humans! - 02\" title=\"Hello Humans!\" class=\"rev-slidebg\" data-no-retina>\n<!--\n\t\t\t\t\t\t\t--><rs-layer\n\t\t\t\t\t\t\t\tid=\"slider-9-slide-16-layer-0\" \n\t\t\t\t\t\t\t\tclass=\"rs-layer-video intrinsic-ignore\"\n\t\t\t\t\t\t\t\tdata-type=\"video\"\n\t\t\t\t\t\t\t\tdata-rsp_ch=\"on\"\n\t\t\t\t\t\t\t\tdata-xy=\"yo:25px,25px,25px,14px;\"\n\t\t\t\t\t\t\t\tdata-text=\"w:normal;s:20,20,20,11;l:0,0,0,14;\"\n\t\t\t\t\t\t\t\tdata-dim=\"w:810px,810px,810px,480px;h:456px,456px,456px,269px;\"\n\t\t\t\t\t\t\t\tdata-video=\"ap:false;v:100;vd:100;rwd:f;l:false;ptimer:false;sav:f;vc:t;\"\n\t\t\t\t\t\t\t\tdata-poster=\"\/\/img.youtube.com\/vi\/6KbE1b5-DII\/maxresdefault.jpg\"\n\t\t\t\t\t\t\t\tdata-ytid=\"6KbE1b5-DII\"\n\t\t\t\t\t\t\t\tdata-vatr=\"version=3&amp;enablejsapi=1&amp;html5=1&amp;volume=100&amp;hd=1&amp;wmode=opaque&amp;showinfo=0&amp;rel=0&amp;origin=https:\/\/wondervisualsnetwork.com;\"\n\t\t\t\t\t\t\t\tdata-frame_999=\"o:0;st:w;\"\n\t\t\t\t\t\t\t\tstyle=\"z-index:5;\"\n\t\t\t\t\t\t\t>\n\t\t\t\t\t\t\t<\/rs-layer><!--\n-->\t\t\t\t\t\t<\/rs-slide>\n\t\t\t\t\t\t<rs-slide data-key=\"rs-17\" data-title=\"Hello Humans! - 03\" data-anim=\"ei:d;eo:d;s:1000;r:0;t:fade;sl:0;\">\n\t\t\t\t\t\t\t<img decoding=\"async\" src=\"\/\/wondervisualsnetwork.com\/wp-content\/plugins\/revslider_6\/public\/assets\/assets\/transparent.png\" alt=\"Hello Humans! - 03\" title=\"Hello Humans!\" class=\"rev-slidebg\" data-no-retina>\n<!--\n\t\t\t\t\t\t\t--><rs-layer\n\t\t\t\t\t\t\t\tid=\"slider-9-slide-17-layer-0\" \n\t\t\t\t\t\t\t\tclass=\"rs-layer-video intrinsic-ignore\"\n\t\t\t\t\t\t\t\tdata-type=\"video\"\n\t\t\t\t\t\t\t\tdata-rsp_ch=\"on\"\n\t\t\t\t\t\t\t\tdata-xy=\"yo:25px,25px,25px,14px;\"\n\t\t\t\t\t\t\t\tdata-text=\"w:normal;s:20,20,20,11;l:0,0,0,14;\"\n\t\t\t\t\t\t\t\tdata-dim=\"w:810px,810px,810px,480px;h:456px,456px,456px,269px;\"\n\t\t\t\t\t\t\t\tdata-video=\"ap:false;v:100;vd:100;rwd:f;l:false;ptimer:false;sav:f;vc:t;\"\n\t\t\t\t\t\t\t\tdata-poster=\"\/\/img.youtube.com\/vi\/QiXu8pAtmo4\/maxresdefault.jpg\"\n\t\t\t\t\t\t\t\tdata-ytid=\"QiXu8pAtmo4\"\n\t\t\t\t\t\t\t\tdata-vatr=\"version=3&amp;enablejsapi=1&amp;html5=1&amp;volume=100&amp;hd=1&amp;wmode=opaque&amp;showinfo=0&amp;rel=0&amp;origin=https:\/\/wondervisualsnetwork.com;\"\n\t\t\t\t\t\t\t\tdata-frame_999=\"o:0;st:w;\"\n\t\t\t\t\t\t\t\tstyle=\"z-index:5;\"\n\t\t\t\t\t\t\t>\n\t\t\t\t\t\t\t<\/rs-layer><!--\n-->\t\t\t\t\t\t<\/rs-slide>\n\t\t\t\t\t\t<rs-slide data-key=\"rs-18\" data-title=\"Hello Humans! - 04\" data-anim=\"ei:d;eo:d;s:1000;r:0;t:fade;sl:0;\">\n\t\t\t\t\t\t\t<img decoding=\"async\" src=\"\/\/wondervisualsnetwork.com\/wp-content\/plugins\/revslider_6\/public\/assets\/assets\/transparent.png\" alt=\"Hello Humans! - 04\" title=\"Hello Humans!\" class=\"rev-slidebg\" data-no-retina>\n<!--\n\t\t\t\t\t\t\t--><rs-layer\n\t\t\t\t\t\t\t\tid=\"slider-9-slide-18-layer-0\" \n\t\t\t\t\t\t\t\tclass=\"rs-layer-video intrinsic-ignore\"\n\t\t\t\t\t\t\t\tdata-type=\"video\"\n\t\t\t\t\t\t\t\tdata-rsp_ch=\"on\"\n\t\t\t\t\t\t\t\tdata-xy=\"yo:25px,25px,25px,14px;\"\n\t\t\t\t\t\t\t\tdata-text=\"w:normal;s:20,20,20,11;l:0,0,0,14;\"\n\t\t\t\t\t\t\t\tdata-dim=\"w:810px,810px,810px,480px;h:456px,456px,456px,269px;\"\n\t\t\t\t\t\t\t\tdata-video=\"ap:false;v:100;vd:100;rwd:f;l:false;ptimer:false;sav:f;vc:t;\"\n\t\t\t\t\t\t\t\tdata-poster=\"\/\/img.youtube.com\/vi\/Gb1MwLjAmNc\/maxresdefault.jpg\"\n\t\t\t\t\t\t\t\tdata-ytid=\"Gb1MwLjAmNc\"\n\t\t\t\t\t\t\t\tdata-vatr=\"version=3&amp;enablejsapi=1&amp;html5=1&amp;volume=100&amp;hd=1&amp;wmode=opaque&amp;showinfo=0&amp;rel=0&amp;origin=https:\/\/wondervisualsnetwork.com;\"\n\t\t\t\t\t\t\t\tdata-frame_999=\"o:0;st:w;\"\n\t\t\t\t\t\t\t\tstyle=\"z-index:5;\"\n\t\t\t\t\t\t\t>\n\t\t\t\t\t\t\t<\/rs-layer><!--\n-->\t\t\t\t\t\t<\/rs-slide>\n\t\t\t\t\t\t<rs-slide data-key=\"rs-19\" data-title=\"Hello Humans! - 05\" data-anim=\"ei:d;eo:d;s:1000;r:0;t:fade;sl:0;\">\n\t\t\t\t\t\t\t<img decoding=\"async\" src=\"\/\/wondervisualsnetwork.com\/wp-content\/plugins\/revslider_6\/public\/assets\/assets\/transparent.png\" alt=\"Hello Humans! - 05\" title=\"Hello Humans!\" class=\"rev-slidebg\" data-no-retina>\n<!--\n\t\t\t\t\t\t\t--><rs-layer\n\t\t\t\t\t\t\t\tid=\"slider-9-slide-19-layer-0\" \n\t\t\t\t\t\t\t\tclass=\"rs-layer-video intrinsic-ignore\"\n\t\t\t\t\t\t\t\tdata-type=\"video\"\n\t\t\t\t\t\t\t\tdata-rsp_ch=\"on\"\n\t\t\t\t\t\t\t\tdata-xy=\"yo:25px,25px,25px,14px;\"\n\t\t\t\t\t\t\t\tdata-text=\"w:normal;s:20,20,20,11;l:0,0,0,14;\"\n\t\t\t\t\t\t\t\tdata-dim=\"w:810px,810px,810px,480px;h:456px,456px,456px,269px;\"\n\t\t\t\t\t\t\t\tdata-video=\"ap:false;v:100;vd:100;rwd:f;l:false;ptimer:false;sav:f;vc:t;\"\n\t\t\t\t\t\t\t\tdata-poster=\"\/\/img.youtube.com\/vi\/lYgLnBdsh2w\/maxresdefault.jpg\"\n\t\t\t\t\t\t\t\tdata-ytid=\"lYgLnBdsh2w\"\n\t\t\t\t\t\t\t\tdata-vatr=\"version=3&amp;enablejsapi=1&amp;html5=1&amp;volume=100&amp;hd=1&amp;wmode=opaque&amp;showinfo=0&amp;rel=0&amp;origin=https:\/\/wondervisualsnetwork.com;\"\n\t\t\t\t\t\t\t\tdata-frame_999=\"o:0;st:w;\"\n\t\t\t\t\t\t\t\tstyle=\"z-index:5;\"\n\t\t\t\t\t\t\t>\n\t\t\t\t\t\t\t<\/rs-layer><!--\n-->\t\t\t\t\t\t<\/rs-slide>\n\t\t\t\t\t\t<rs-slide data-key=\"rs-20\" data-title=\"Hello Humans! - 06\" data-anim=\"ei:d;eo:d;s:1000;r:0;t:fade;sl:0;\">\n\t\t\t\t\t\t\t<img decoding=\"async\" src=\"\/\/wondervisualsnetwork.com\/wp-content\/plugins\/revslider_6\/public\/assets\/assets\/transparent.png\" alt=\"Hello Humans! - 06\" title=\"Hello Humans!\" class=\"rev-slidebg\" data-no-retina>\n<!--\n\t\t\t\t\t\t\t--><rs-layer\n\t\t\t\t\t\t\t\tid=\"slider-9-slide-20-layer-0\" \n\t\t\t\t\t\t\t\tclass=\"rs-layer-video intrinsic-ignore\"\n\t\t\t\t\t\t\t\tdata-type=\"video\"\n\t\t\t\t\t\t\t\tdata-rsp_ch=\"on\"\n\t\t\t\t\t\t\t\tdata-xy=\"yo:25px,25px,25px,14px;\"\n\t\t\t\t\t\t\t\tdata-text=\"w:normal;s:20,20,20,11;l:0,0,0,14;\"\n\t\t\t\t\t\t\t\tdata-dim=\"w:810px,810px,810px,480px;h:456px,456px,456px,269px;\"\n\t\t\t\t\t\t\t\tdata-video=\"ap:false;v:100;vd:100;rwd:f;l:false;ptimer:false;sav:f;vc:t;\"\n\t\t\t\t\t\t\t\tdata-poster=\"\/\/img.youtube.com\/vi\/0Pp-LFb5qFE\/maxresdefault.jpg\"\n\t\t\t\t\t\t\t\tdata-ytid=\"0Pp-LFb5qFE\"\n\t\t\t\t\t\t\t\tdata-vatr=\"version=3&amp;enablejsapi=1&amp;html5=1&amp;volume=100&amp;hd=1&amp;wmode=opaque&amp;showinfo=0&amp;rel=0&amp;origin=https:\/\/wondervisualsnetwork.com;\"\n\t\t\t\t\t\t\t\tdata-frame_999=\"o:0;st:w;\"\n\t\t\t\t\t\t\t\tstyle=\"z-index:5;\"\n\t\t\t\t\t\t\t>\n\t\t\t\t\t\t\t<\/rs-layer><!--\n-->\t\t\t\t\t\t<\/rs-slide>\n\t\t\t\t\t\t<rs-slide data-key=\"rs-21\" data-title=\"Hello Humans! - 07\" data-anim=\"ei:d;eo:d;s:1000;r:0;t:fade;sl:0;\">\n\t\t\t\t\t\t\t<img decoding=\"async\" src=\"\/\/wondervisualsnetwork.com\/wp-content\/plugins\/revslider_6\/public\/assets\/assets\/transparent.png\" alt=\"Hello Humans! - 07\" title=\"Hello Humans!\" class=\"rev-slidebg\" data-no-retina>\n<!--\n\t\t\t\t\t\t\t--><rs-layer\n\t\t\t\t\t\t\t\tid=\"slider-9-slide-21-layer-0\" \n\t\t\t\t\t\t\t\tclass=\"rs-layer-video intrinsic-ignore\"\n\t\t\t\t\t\t\t\tdata-type=\"video\"\n\t\t\t\t\t\t\t\tdata-rsp_ch=\"on\"\n\t\t\t\t\t\t\t\tdata-xy=\"yo:25px,25px,25px,14px;\"\n\t\t\t\t\t\t\t\tdata-text=\"w:normal;s:20,20,20,11;l:0,0,0,14;\"\n\t\t\t\t\t\t\t\tdata-dim=\"w:810px,810px,810px,480px;h:456px,456px,456px,269px;\"\n\t\t\t\t\t\t\t\tdata-video=\"ap:false;v:100;vd:100;rwd:f;l:false;ptimer:false;sav:f;vc:t;\"\n\t\t\t\t\t\t\t\tdata-poster=\"\/\/img.youtube.com\/vi\/NF0iwZsgh6s\/maxresdefault.jpg\"\n\t\t\t\t\t\t\t\tdata-ytid=\"NF0iwZsgh6s\"\n\t\t\t\t\t\t\t\tdata-vatr=\"version=3&amp;enablejsapi=1&amp;html5=1&amp;volume=100&amp;hd=1&amp;wmode=opaque&amp;showinfo=0&amp;rel=0&amp;origin=https:\/\/wondervisualsnetwork.com;\"\n\t\t\t\t\t\t\t\tdata-frame_999=\"o:0;st:w;\"\n\t\t\t\t\t\t\t\tstyle=\"z-index:5;\"\n\t\t\t\t\t\t\t>\n\t\t\t\t\t\t\t<\/rs-layer><!--\n-->\t\t\t\t\t\t<\/rs-slide>\n\t\t\t\t\t\t<rs-slide data-key=\"rs-22\" data-title=\"Hello Humans! - 08\" data-anim=\"ei:d;eo:d;s:1000;r:0;t:fade;sl:0;\">\n\t\t\t\t\t\t\t<img decoding=\"async\" src=\"\/\/wondervisualsnetwork.com\/wp-content\/plugins\/revslider_6\/public\/assets\/assets\/transparent.png\" alt=\"Hello Humans! - 08\" title=\"Hello Humans!\" class=\"rev-slidebg\" data-no-retina>\n<!--\n\t\t\t\t\t\t\t--><rs-layer\n\t\t\t\t\t\t\t\tid=\"slider-9-slide-22-layer-0\" \n\t\t\t\t\t\t\t\tclass=\"rs-layer-video intrinsic-ignore\"\n\t\t\t\t\t\t\t\tdata-type=\"video\"\n\t\t\t\t\t\t\t\tdata-rsp_ch=\"on\"\n\t\t\t\t\t\t\t\tdata-xy=\"yo:25px,25px,25px,14px;\"\n\t\t\t\t\t\t\t\tdata-text=\"w:normal;s:20,20,20,11;l:0,0,0,14;\"\n\t\t\t\t\t\t\t\tdata-dim=\"w:810px,810px,810px,480px;h:456px,456px,456px,269px;\"\n\t\t\t\t\t\t\t\tdata-video=\"ap:false;v:100;vd:100;rwd:f;l:false;ptimer:false;sav:f;vc:t;\"\n\t\t\t\t\t\t\t\tdata-poster=\"\/\/img.youtube.com\/vi\/nsiGHvoLEjU\/maxresdefault.jpg\"\n\t\t\t\t\t\t\t\tdata-ytid=\"nsiGHvoLEjU\"\n\t\t\t\t\t\t\t\tdata-vatr=\"version=3&amp;enablejsapi=1&amp;html5=1&amp;volume=100&amp;hd=1&amp;wmode=opaque&amp;showinfo=0&amp;rel=0&amp;origin=https:\/\/wondervisualsnetwork.com;\"\n\t\t\t\t\t\t\t\tdata-frame_999=\"o:0;st:w;\"\n\t\t\t\t\t\t\t\tstyle=\"z-index:5;\"\n\t\t\t\t\t\t\t>\n\t\t\t\t\t\t\t<\/rs-layer><!--\n-->\t\t\t\t\t\t<\/rs-slide>\n\t\t\t\t\t<\/rs-slides>\n\t\t\t\t<\/rs-module>\n\t\t\t\t<script type=\"text\/javascript\">\n\t\t\t\t\tsetREVStartSize({c: 'rev_slider_9_1',rl:[1240,1240,1240,480],el:[505,505,505,720],gw:[810,810,810,480],gh:[505,505,505,400],type:'carousel',justify:'',layout:'fullwidth',mh:\"0\"});\n\t\t\t\t\tvar\trevapi9,\n\t\t\t\t\t\ttpj;\n\t\t\t\t\tfunction revinit_revslider91() {\n\t\t\t\t\tjQuery(function() {\n\t\t\t\t\t\ttpj = jQuery;\n\t\t\t\t\t\trevapi9 = tpj(\"#rev_slider_9_1\");\n\t\t\t\t\t\tif(revapi9==undefined || revapi9.revolution == undefined){\n\t\t\t\t\t\t\trevslider_showDoubleJqueryError(\"rev_slider_9_1\");\n\t\t\t\t\t\t}else{\n\t\t\t\t\t\t\trevapi9.revolution({\n\t\t\t\t\t\t\t\tsliderType:\"carousel\",\n\t\t\t\t\t\t\t\tvisibilityLevels:\"1240,1240,1240,480\",\n\t\t\t\t\t\t\t\tgridwidth:\"810,810,810,480\",\n\t\t\t\t\t\t\t\tgridheight:\"505,505,505,400\",\n\t\t\t\t\t\t\t\tperspective:600,\n\t\t\t\t\t\t\t\tperspectiveType:\"global\",\n\t\t\t\t\t\t\t\teditorheight:\"505,768,960,720\",\n\t\t\t\t\t\t\t\tresponsiveLevels:\"1240,1240,1240,480\",\n\t\t\t\t\t\t\t\tstopAtSlide:1,\n\t\t\t\t\t\t\t\tstopAfterLoops:0,\n\t\t\t\t\t\t\t\tstopLoop:true,\n\t\t\t\t\t\t\t\tcarousel: {\n\t\t\t\t\t\t\t\t\tshowLayersAllTime:\"all\",\n\t\t\t\t\t\t\t\t\tinfinity:true,\n\t\t\t\t\t\t\t\t\tspace:\"20px\",\n\t\t\t\t\t\t\t\t\tfadeout:false\n\t\t\t\t\t\t\t\t},\n\t\t\t\t\t\t\t\tprogressBar:{disableProgressBar:true},\n\t\t\t\t\t\t\t\tnavigation: {\n\t\t\t\t\t\t\t\t\tkeyboardNavigation:true,\n\t\t\t\t\t\t\t\t\tmouseScrollNavigation:\"on\",\n\t\t\t\t\t\t\t\t\twheelCallDelay:1000,\n\t\t\t\t\t\t\t\t\tonHoverStop:false,\n\t\t\t\t\t\t\t\t\tarrows: {\n\t\t\t\t\t\t\t\t\t\tenable:true,\n\t\t\t\t\t\t\t\t\t\tstyle:\"custom\",\n\t\t\t\t\t\t\t\t\t\thide_onleave:true,\n\t\t\t\t\t\t\t\t\t\tleft: {\n\t\t\t\t\t\t\t\t\t\t\th_offset:30\n\t\t\t\t\t\t\t\t\t\t},\n\t\t\t\t\t\t\t\t\t\tright: {\n\t\t\t\t\t\t\t\t\t\t\th_offset:30\n\t\t\t\t\t\t\t\t\t\t}\n\t\t\t\t\t\t\t\t\t},\n\t\t\t\t\t\t\t\t\tbullets: {\n\t\t\t\t\t\t\t\t\t\tenable:true,\n\t\t\t\t\t\t\t\t\t\ttmp:\"\",\n\t\t\t\t\t\t\t\t\t\tstyle:\"hermes\",\n\t\t\t\t\t\t\t\t\t\tv_offset:0\n\t\t\t\t\t\t\t\t\t}\n\t\t\t\t\t\t\t\t},\n\t\t\t\t\t\t\t\tsbtimeline: {\n\t\t\t\t\t\t\t\t\tset:true,\n\t\t\t\t\t\t\t\t\tease:\"power1.inOut\"\n\t\t\t\t\t\t\t\t},\n\t\t\t\t\t\t\t\tfallbacks: {\n\t\t\t\t\t\t\t\t\tallowHTML5AutoPlayOnAndroid:true\n\t\t\t\t\t\t\t\t},\n\t\t\t\t\t\t\t});\n\t\t\t\t\t\t}\n\t\t\t\t\t\t\n\t\t\t\t\t});\n\t\t\t\t\t} \/\/ End of RevInitScript\n\t\t\t\tvar once_revslider91 = false;\n\t\t\t\tif (document.readyState === \"loading\") {document.addEventListener('readystatechange',function() { if((document.readyState === \"interactive\" || document.readyState === \"complete\") && !once_revslider91 ) { once_revslider91 = true; revinit_revslider91();}});} else {once_revslider91 = true; revinit_revslider91();}\n\t\t\t\t<\/script>\n\t\t\t\t<script>\n\t\t\t\t\tvar htmlDivCss = unescape(\".rev_slider_wrapper%2C%0A.rev_slider%2C%0A.rev_slider%20ul%2C%0A.tp-revslider-mainul%20%7B%0A%20%20margin-top%3A%200%20%21important%3B%0A%20%20margin-bottom%3A%200%20%21important%3B%0A%20%20padding-top%3A%200%20%21important%3B%0A%20%20padding-bottom%3A%200%20%21important%3B%0A%20%20line-height%3A%200%20%21important%3B%0A%7D%0A%0A.rev_slider_wrapper%20%7B%0A%20%20overflow%3A%20hidden%20%21important%3B%0A%20%20border%3A%20none%20%21important%3B%0A%7D\");\n\t\t\t\t\tvar htmlDiv = document.getElementById('rs-plugin-settings-inline-css');\n\t\t\t\t\tif(htmlDiv) {\n\t\t\t\t\t\thtmlDiv.innerHTML = htmlDiv.innerHTML + htmlDivCss;\n\t\t\t\t\t}else{\n\t\t\t\t\t\tvar htmlDiv = document.createElement('div');\n\t\t\t\t\t\thtmlDiv.innerHTML = '<style>' + htmlDivCss + '<\/style>';\n\t\t\t\t\t\tdocument.getElementsByTagName('head')[0].appendChild(htmlDiv.childNodes[0]);\n\t\t\t\t\t}\n\t\t\t\t<\/script>\n\t\t\t\t<script>\n\t\t\t\t\tvar htmlDivCss = unescape(\"%23rev_slider_9_1_wrapper%20.custom.tparrows%20%7B%0A%09cursor%3Apointer%3B%0A%09background%3A%23000%3B%0A%09background%3Argba%280%2C0%2C0%2C0.5%29%3B%0A%09width%3A40px%3B%0A%09height%3A40px%3B%0A%09position%3Aabsolute%3B%0A%09display%3Ablock%3B%0A%09z-index%3A1000%3B%0A%7D%0A%23rev_slider_9_1_wrapper%20.custom.tparrows%3Ahover%20%7B%0A%09background%3A%23000%3B%0A%7D%0A%23rev_slider_9_1_wrapper%20.custom.tparrows%3Abefore%20%7B%0A%09font-family%3A%20%27revicons%27%3B%0A%09font-size%3A15px%3B%0A%09color%3A%23fff%3B%0A%09display%3Ablock%3B%0A%09line-height%3A%2040px%3B%0A%09text-align%3A%20center%3B%0A%7D%0A%23rev_slider_9_1_wrapper%20.custom.tparrows.tp-leftarrow%3Abefore%20%7B%0A%09content%3A%20%27%5Ce824%27%3B%0A%7D%0A%23rev_slider_9_1_wrapper%20.custom.tparrows.tp-rightarrow%3Abefore%20%7B%0A%09content%3A%20%27%5Ce825%27%3B%0A%7D%0A%0A%0A%23rev_slider_9_1_wrapper%20.hermes.tp-bullets%20%7B%0A%7D%0A%0A%23rev_slider_9_1_wrapper%20.hermes%20.tp-bullet%20%7B%0A%20%20%20%20overflow%3Ahidden%3B%0A%20%20%20%20border-radius%3A50%25%3B%0A%20%20%20%20width%3A16px%3B%0A%20%20%20%20height%3A16px%3B%0A%20%20%20%20background-color%3A%20rgba%280%2C%200%2C%200%2C%200%29%3B%0A%20%20%20%20box-shadow%3A%20inset%200%200%200%202px%20%23ffffff%3B%0A%20%20%20%20-webkit-transition%3A%20background%200.3s%20ease%3B%0A%20%20%20%20transition%3A%20background%200.3s%20ease%3B%0A%20%20%20%20position%3Aabsolute%3B%0A%7D%0A%0A%23rev_slider_9_1_wrapper%20.hermes%20.tp-bullet%3Ahover%20%7B%0A%09%20%20background-color%3A%20rgba%280%2C0%2C0%2C0.21%29%3B%0A%7D%0A%23rev_slider_9_1_wrapper%20.hermes%20.tp-bullet%3Aafter%20%7B%0A%20%20content%3A%20%27%20%27%3B%0A%20%20position%3A%20absolute%3B%0A%20%20bottom%3A%200%3B%0A%20%20height%3A%200%3B%0A%20%20left%3A%200%3B%0A%20%20width%3A%20100%25%3B%0A%20%20background-color%3A%20%23ffffff%3B%0A%20%20box-shadow%3A%200%200%201px%20%23ffffff%3B%0A%20%20-webkit-transition%3A%20height%200.3s%20ease%3B%0A%20%20transition%3A%20height%200.3s%20ease%3B%0A%7D%0A%23rev_slider_9_1_wrapper%20.hermes%20.tp-bullet.selected%3Aafter%20%7B%0A%20%20height%3A100%25%3B%0A%7D%0A%0A\");\n\t\t\t\t\tvar htmlDiv = document.getElementById('rs-plugin-settings-inline-css');\n\t\t\t\t\tif(htmlDiv) {\n\t\t\t\t\t\thtmlDiv.innerHTML = htmlDiv.innerHTML + htmlDivCss;\n\t\t\t\t\t}else{\n\t\t\t\t\t\tvar htmlDiv = document.createElement('div');\n\t\t\t\t\t\thtmlDiv.innerHTML = '<style>' + htmlDivCss + '<\/style>';\n\t\t\t\t\t\tdocument.getElementsByTagName('head')[0].appendChild(htmlDiv.childNodes[0]);\n\t\t\t\t\t}\n\t\t\t\t<\/script>\n\t\t\t\t<script>\n\t\t\t\t\tvar htmlDivCss = unescape(\"%0A%0A%0A%0A%0A%0A%0A%0A%0A%0A%0A%0A%0A%0A%0A%0A\");\n\t\t\t\t\tvar htmlDiv = document.getElementById('rs-plugin-settings-inline-css');\n\t\t\t\t\tif(htmlDiv) {\n\t\t\t\t\t\thtmlDiv.innerHTML = htmlDiv.innerHTML + htmlDivCss;\n\t\t\t\t\t}else{\n\t\t\t\t\t\tvar htmlDiv = document.createElement('div');\n\t\t\t\t\t\thtmlDiv.innerHTML = '<style>' + htmlDivCss + '<\/style>';\n\t\t\t\t\t\tdocument.getElementsByTagName('head')[0].appendChild(htmlDiv.childNodes[0]);\n\t\t\t\t\t}\n\t\t\t\t<\/script>\n\t\t\t<\/rs-module-wrap>\n\t\t\t<!-- END REVOLUTION SLIDER -->\n<\/div><\/div><\/div><style type=\"text\/css\">.fusion-body .fusion-builder-column-0{width:100% !important;margin-top : 0px;margin-bottom : 20px;}.fusion-builder-column-0 > .fusion-column-wrapper {padding-top : 0px !important;padding-right : 0px !important;margin-right : 1.92%;padding-bottom : 0px !important;padding-left : 0px !important;margin-left : 1.92%;}@media only screen and (max-width:1024px) {.fusion-body .fusion-builder-column-0{width:100% !important;order : 0;}.fusion-builder-column-0 > .fusion-column-wrapper {margin-right : 1.92%;margin-left : 1.92%;}}@media only screen and (max-width:640px) {.fusion-body .fusion-builder-column-0{width:100% !important;order : 0;}.fusion-builder-column-0 > .fusion-column-wrapper {margin-right : 1.92%;margin-left : 1.92%;}}<\/style><div class=\"fusion-layout-column fusion_builder_column fusion-builder-column-1 fusion_builder_column_1_1 1_1 fusion-flex-column\"><div class=\"fusion-column-wrapper fusion-flex-justify-content-flex-start fusion-content-layout-column\" style=\"background-position:left top;background-repeat:no-repeat;-webkit-background-size:cover;-moz-background-size:cover;-o-background-size:cover;background-size:cover;padding: 0px 0px 0px 0px;\"><div class=\"fusion-video fusion-selfhosted-video non-apple-device\" style=\"align-self:center;max-width:300px;\"><div class=\"video-wrapper\"><video playsinline=\"true\" width=\"100%\" style=\"object-fit: cover;\" autoplay=\"true\" muted=\"true\" loop=\"true\" preload=\"auto\"><source src=\"https:\/\/wondervisualsnetwork.com\/wp-content\/uploads\/2025\/06\/buborekozo-kicsik.webm\" type=\"video\/webm\">Sorry, your browser doesn&#039;t support embedded videos.<\/video><\/div><\/div><div class=\"fusion-video fusion-selfhosted-video apple-device\" style=\"align-self:center;max-width:300px;\"><div class=\"video-wrapper\"><video playsinline=\"true\" width=\"100%\" style=\"object-fit: cover;\" autoplay=\"true\" muted=\"true\" loop=\"true\" preload=\"auto\"><source src=\"https:\/\/wondervisualsnetwork.com\/wp-content\/uploads\/2025\/06\/buborekozo-kicsik-hevc.mp4\" type=\"video\/mp4\">Sorry, your browser doesn&#039;t support embedded videos.<\/video><\/div><\/div><\/div><\/div><style type=\"text\/css\">.fusion-body .fusion-builder-column-1{width:100% !important;margin-top : 0px;margin-bottom : 20px;}.fusion-builder-column-1 > .fusion-column-wrapper {padding-top : 0px !important;padding-right : 0px !important;margin-right : 1.92%;padding-bottom : 0px !important;padding-left : 0px !important;margin-left : 1.92%;}@media only screen and (max-width:1024px) {.fusion-body .fusion-builder-column-1{width:100% !important;order : 0;}.fusion-builder-column-1 > .fusion-column-wrapper {margin-right : 1.92%;margin-left : 1.92%;}}@media only screen and (max-width:640px) {.fusion-body .fusion-builder-column-1{width:100% !important;order : 0;}.fusion-builder-column-1 > .fusion-column-wrapper {margin-right : 1.92%;margin-left : 1.92%;}}<\/style><\/div><style type=\"text\/css\">.fusion-body .fusion-flex-container.fusion-builder-row-1{ padding-top : 0px;margin-top : 0px;padding-right : 0px;padding-bottom : 0px;margin-bottom : 0px;padding-left : 0px;}<\/style><\/div>\n","protected":false},"excerpt":{"rendered":"","protected":false},"author":1,"featured_media":0,"parent":0,"menu_order":0,"comment_status":"closed","ping_status":"closed","template":"100-width.php","meta":{"footnotes":""},"class_list":["post-1136","page","type-page","status-publish","hentry"],"_links":{"self":[{"href":"https:\/\/wondervisualsnetwork.com\/es\/wp-json\/wp\/v2\/pages\/1136","targetHints":{"allow":["GET"]}}],"collection":[{"href":"https:\/\/wondervisualsnetwork.com\/es\/wp-json\/wp\/v2\/pages"}],"about":[{"href":"https:\/\/wondervisualsnetwork.com\/es\/wp-json\/wp\/v2\/types\/page"}],"author":[{"embeddable":true,"href":"https:\/\/wondervisualsnetwork.com\/es\/wp-json\/wp\/v2\/users\/1"}],"replies":[{"embeddable":true,"href":"https:\/\/wondervisualsnetwork.com\/es\/wp-json\/wp\/v2\/comments?post=1136"}],"version-history":[{"count":2,"href":"https:\/\/wondervisualsnetwork.com\/es\/wp-json\/wp\/v2\/pages\/1136\/revisions"}],"predecessor-version":[{"id":1138,"href":"https:\/\/wondervisualsnetwork.com\/es\/wp-json\/wp\/v2\/pages\/1136\/revisions\/1138"}],"wp:attachment":[{"href":"https:\/\/wondervisualsnetwork.com\/es\/wp-json\/wp\/v2\/media?parent=1136"}],"curies":[{"name":"wp","href":"https:\/\/api.w.org\/{rel}","templated":true}]}}