{"id":1169,"date":"2025-05-06T16:44:31","date_gmt":"2025-05-06T14:44:31","guid":{"rendered":"https:\/\/wondervisualsnetwork.com\/acerca-de-nosotros\/"},"modified":"2025-06-08T22:36:06","modified_gmt":"2025-06-08T20:36:06","slug":"acerca-de-nosotros","status":"publish","type":"page","link":"https:\/\/wondervisualsnetwork.com\/es\/acerca-de-nosotros\/","title":{"rendered":"Acerca de nosotros"},"content":{"rendered":"<div class=\"fusion-fullwidth fullwidth-box fusion-builder-row-1 fusion-flex-container nonhundred-percent-fullwidth non-hundred-percent-height-scrolling\" style=\"background-color: rgba(255,255,255,0);background-position: center center;background-repeat: no-repeat;border-width: 0px 0px 0px 0px;border-color:#e2e2e2;border-style:solid;\" ><div class=\"fusion-builder-row fusion-row fusion-flex-align-items-flex-start\" style=\"max-width:1248px;margin-left: calc(-4% \/ 2 );margin-right: calc(-4% \/ 2 );\"><div class=\"fusion-layout-column fusion_builder_column fusion-builder-column-0 fusion_builder_column_1_1 1_1 fusion-flex-column\"><div class=\"fusion-column-wrapper fusion-flex-justify-content-flex-start fusion-content-layout-column\" style=\"background-position:left top;background-repeat:no-repeat;-webkit-background-size:cover;-moz-background-size:cover;-o-background-size:cover;background-size:cover;padding: 0px 0px 0px 0px;\"><div class=\"fusion-text fusion-text-1\" style=\"transform:translate3d(0,0,0);\"><p style=\"text-align: center\">Somos un equipo apasionado y dedicado que crea contenido valioso,<br \/>\ncontando historias a trav\u00e9s de la animaci\u00f3n para brindar alegr\u00eda y compartir informaci\u00f3n con otros.<\/p>\n<\/div><div class=\"fusion-text fusion-text-2\" style=\"transform:translate3d(0,0,0);\"><div class=\"fusion-text fusion-text-6\">\n<p style=\"text-align: center\">Estamos abiertos a encargos para cortometrajes, anuncios publicitarios o incluso series animadas completas en una amplia gama de estilos.<br \/>\nTrabajamos de manera r\u00e1pida, eficiente y creativa, gestionando proyectos desde el concepto hasta la finalizaci\u00f3n seg\u00fan sea necesario.<\/p>\n<\/div>\n<div class=\"fusion-text fusion-text-7\">\n<p style=\"text-align: center\">Cont\u00e1ctenos: <a href=\"mailto:hello@wondervisualsnetwork.com\">hello@wondervisualsnetwork.com<\/a><\/p>\n<p style=\"text-align: center\"><a href=\"https:\/\/www.youtube.com\/@WonderVisualsNetwork?sub_confirmation=1\">\u00a1Suscr\u00edbase a nuestro canal de YouTube!<\/a><\/p>\n<\/div>\n<\/div><div class=\"fusion-video fusion-selfhosted-video non-apple-device\" style=\"align-self:center;max-width:250px;\"><div class=\"video-wrapper\"><video playsinline=\"true\" width=\"100%\" style=\"object-fit: cover;\" autoplay=\"true\" muted=\"true\" loop=\"true\" preload=\"auto\"><source src=\"https:\/\/wondervisualsnetwork.com\/wp-content\/uploads\/2025\/06\/magus-02-15mp.webm\" type=\"video\/webm\">Sorry, your browser doesn&#039;t support embedded videos.<\/video><\/div><\/div><div class=\"fusion-video fusion-selfhosted-video apple-device\" style=\"align-self:center;max-width:250px;\"><div class=\"video-wrapper\"><video playsinline=\"true\" width=\"100%\" style=\"object-fit: cover;\" autoplay=\"true\" muted=\"true\" loop=\"true\" preload=\"auto\"><source src=\"https:\/\/wondervisualsnetwork.com\/wp-content\/uploads\/2025\/06\/magus-02-15mp-hevc-1.mp4\" type=\"video\/mp4\">Sorry, your browser doesn&#039;t support embedded videos.<\/video><\/div><\/div><div class=\"fusion-separator fusion-full-width-sep\" style=\"align-self: center;margin-left: auto;margin-right: auto;margin-top:50px;width:100%;\"><\/div><div class=\"fusion-text fusion-text-3\" style=\"transform:translate3d(0,0,0);\"><div class=\"fusion-text fusion-text-6\">\n<p style=\"text-align: center\"><a href=\"https:\/\/wondervisualsnetwork.com\/es\/wonder-visuals-network-teaser\/\">Wonder Visuals Network &#8211; Avance<\/a><\/p>\n<p style=\"text-align: center\"><a href=\"https:\/\/wondervisualsnetwork.com\/es\/hello-humans-la-serie\/\">Hello Humans! &#8211; Acerca de la serie<\/a><\/p>\n<\/div>\n<div class=\"fusion-text fusion-text-7\">\n<p style=\"text-align: center\">\n<\/div>\n<\/div><\/div><\/div><style type=\"text\/css\">.fusion-body .fusion-builder-column-0{width:100% !important;margin-top : 0px;margin-bottom : 20px;}.fusion-builder-column-0 > .fusion-column-wrapper {padding-top : 0px !important;padding-right : 0px !important;margin-right : 1.92%;padding-bottom : 0px !important;padding-left : 0px !important;margin-left : 1.92%;}@media only screen and (max-width:1024px) {.fusion-body .fusion-builder-column-0{width:100% !important;order : 0;}.fusion-builder-column-0 > .fusion-column-wrapper {margin-right : 1.92%;margin-left : 1.92%;}}@media only screen and (max-width:640px) {.fusion-body .fusion-builder-column-0{width:100% !important;order : 0;}.fusion-builder-column-0 > .fusion-column-wrapper {margin-right : 1.92%;margin-left : 1.92%;}}<\/style><\/div><style type=\"text\/css\">.fusion-body .fusion-flex-container.fusion-builder-row-1{ padding-top : 0px;margin-top : 0px;padding-right : 0px;padding-bottom : 0px;margin-bottom : 0px;padding-left : 0px;}<\/style><\/div>\n","protected":false},"excerpt":{"rendered":"","protected":false},"author":1,"featured_media":0,"parent":0,"menu_order":0,"comment_status":"closed","ping_status":"closed","template":"","meta":{"footnotes":""},"class_list":["post-1169","page","type-page","status-publish","hentry"],"_links":{"self":[{"href":"https:\/\/wondervisualsnetwork.com\/es\/wp-json\/wp\/v2\/pages\/1169","targetHints":{"allow":["GET"]}}],"collection":[{"href":"https:\/\/wondervisualsnetwork.com\/es\/wp-json\/wp\/v2\/pages"}],"about":[{"href":"https:\/\/wondervisualsnetwork.com\/es\/wp-json\/wp\/v2\/types\/page"}],"author":[{"embeddable":true,"href":"https:\/\/wondervisualsnetwork.com\/es\/wp-json\/wp\/v2\/users\/1"}],"replies":[{"embeddable":true,"href":"https:\/\/wondervisualsnetwork.com\/es\/wp-json\/wp\/v2\/comments?post=1169"}],"version-history":[{"count":4,"href":"https:\/\/wondervisualsnetwork.com\/es\/wp-json\/wp\/v2\/pages\/1169\/revisions"}],"predecessor-version":[{"id":1208,"href":"https:\/\/wondervisualsnetwork.com\/es\/wp-json\/wp\/v2\/pages\/1169\/revisions\/1208"}],"wp:attachment":[{"href":"https:\/\/wondervisualsnetwork.com\/es\/wp-json\/wp\/v2\/media?parent=1169"}],"curies":[{"name":"wp","href":"https:\/\/api.w.org\/{rel}","templated":true}]}}